{"id":194,"date":"2018-05-23T21:47:25","date_gmt":"2018-05-23T19:47:25","guid":{"rendered":"https:\/\/www.reparaturcafe-bs.de\/?page_id=194"},"modified":"2018-05-29T16:16:10","modified_gmt":"2018-05-29T14:16:10","slug":"datenschutz","status":"publish","type":"page","link":"https:\/\/www.reparaturcafe-bs.de\/?page_id=194","title":{"rendered":"Datenschutz"},"content":{"rendered":"<h1>Datenschutzerkl\u00e4rung<\/h1>\n<h2>1. \u00dcbersicht<\/h2>\n<h3>Allgemeine Hinweise<\/h3>\n<p>Die Datenschutzerkl\u00e4rung gibt Auskunft, welche personenbezogenen und sonstigen Daten beim Besuch dieser Website erfasst und in welcher Form gespeichert werden. Personenbezogene Daten sind in diesem Zusammenhang alle Daten, mit denen Sie pers\u00f6nlich identifiziert werden k\u00f6nnen. Ausf\u00fchrliche Hinweise folgen nach der \u00dcbersicht ab Punkt 2.\n<\/p>\n<h3>Datenerfassung auf unserer Website<\/h3>\n<p>\n<strong>Wer ist verantwortlich f\u00fcr die Datenerfassung auf dieser Website?<\/strong>\n<\/p>\n<p>Die Datenverarbeitung auf dieser Website erfolgt durch den Websitebetreiber. Kontaktdaten siehe unten sowie im Impressum.\n<\/p>\n<p><strong>Wie erfassen wir Ihre Daten?<\/strong>\n<\/p>\n<p>Pers\u00f6nliche Daten werden nur erhoben, wenn Sie uns diese freiwillig mitteilen. Hierbei handelt es sich um Angaben, die Sie in ein Kontaktformular eingeben.\n<\/p>\n<p>Technische Daten werden automatisch beim Besuch der Website durch IT-Systeme erfasst. Sie werden vom Websitebetreiber nur f\u00fcr Statistiken verwendet und sind in keiner Form personenbezogen.\n<\/p>\n<p><strong>Wof\u00fcr nutzen wir Ihre Daten?<\/strong>\n<\/p>\n<p>Daten werden zur Kontaktaufnahme sowie zur Organisation des ReparaturCaf\u00e9 verwendet.\n<\/p>\n<p><strong>Welche Rechte haben Sie bez\u00fcglich Ihrer Daten?<\/strong>\n<\/p>\n<p>Sie haben jederzeit das Recht unentgeltlich Auskunft \u00fcber Art und Umfang, Empf\u00e4nger und den Zweck der Erhebung Ihrer gespeicherten personenbezogenen Daten zu erhalten. Sie haben au\u00dferdem ein Recht, die Berichtigung, Sperrung oder L\u00f6schung dieser Daten zu verlangen. Hierzu sowie zu weiteren Fragen zum Thema Datenschutz k\u00f6nnen Sie sich jederzeit unter der im Impressum angegebenen Adresse an uns wenden. Des Weiteren steht Ihnen ein Beschwerderecht bei der zust\u00e4ndigen Aufsichtsbeh\u00f6rde zu.\n<\/p>\n<h3>2. Hinweis zur verantwortlichen Stelle<\/h3>\n<p>Verantwortliche Stelle ist die nat\u00fcrliche oder juristische Person, die allein oder gemeinsam mit anderen \u00fcber die Zwecke und Mittel der Verarbeitung von personenbezogenen Daten (z.B. Namen, E-Mail-Adressen o. \u00c4.) entscheidet.\n<\/p>\n<p>Die verantwortliche Stelle f\u00fcr die Datenverarbeitung auf dieser Website ist:\n<\/p>\n<p>Landeskirchliche Gemeinschaft Bezirk Braunschweig e.V.<br \/>\nKarlstr. 95<br \/>\n38106 Braunschweig<\/p>\n<p>Telefon: +49 531 332095<br \/>\n<script language='javascript' type='text\/javascript'>\n<!--\nx = '&#64;';\neml = '&#112;&#114;&#101;&#100;&#105;&#103;&#101;&#114;&#49;' + x + '&#108;&#107;&#103;&#98;&#115;&#46;&#100;&#101;';\nout = 'E-Mail: ' + eml;\ndocument.write(out);\n\/\/ -->\n<\/script><br \/>\n<noscript><br \/>\n<span>F\u00fcr die Anzeige der E-Mail-Adresse wird JavaScript ben\u00f6tigt.<\/span><br \/>\n<\/noscript>\n<\/p>\n<h2>3. Erfassung, Speicherung und Verarbeitung pers\u00f6nlicher Daten<\/h2>\n<h3>Datenschutz<\/h3>\n<p>Die Betreiber dieser Seiten nehmen den Schutz Ihrer pers\u00f6nlichen Daten sehr ernst. Wir behandeln Ihre personenbezogenen Daten vertraulich und entsprechend der gesetzlichen Datenschutzvorschriften sowie dieser Datenschutzerkl\u00e4rung.\n<\/p>\n<p>Wenn Sie diese Website benutzen, werden durch Ihre Eingaben im Kontaktformular personenbezogene Daten (Ihr Name, Ihre E-Mail-Adresse und ggf. Telefonnummer (freiwillige Angabe)) erhoben. Personenbezogene Daten sind Daten, mit denen Sie pers\u00f6nlich identifiziert werden k\u00f6nnen. Die vorliegende Datenschutzerkl\u00e4rung erl\u00e4utert, welche Daten wir erheben und wof\u00fcr wir sie nutzen. Sie erl\u00e4utert auch, wie und zu welchem Zweck das geschieht.\n<\/p>\n<p>Wir weisen darauf hin, dass die Daten\u00fcbertragung im Internet (z.B. bei der Kommunikation per E-Mail) Sicherheitsl\u00fccken aufweisen kann. Ein l\u00fcckenloser Schutz der Daten vor dem Zugriff durch Dritte ist nicht m\u00f6glich.\n<\/p>\n<h3>Art der Verarbeitung und Speicherung<\/h3>\n<p>Wenn Sie uns per Kontaktformular Anfragen zukommen lassen, werden Ihre Angaben aus dem Formular inklusive der von Ihnen dort angegebenen Kontaktdaten (Name, E-Mail-Adresse und freiwillig eingetragene Telefonnummer) zwecks Bearbeitung der Anfrage und f\u00fcr den Fall von Anschlussfragen nur den Mitarbeitern des ReparaturCaf\u00e9 und der Freiwilligenagentur in Form von E-Mails zur Verf\u00fcgung gestellt und werden nicht an Dritte weitergegeben.\n<\/p>\n<p>Die Verarbeitung der in das Kontaktformular eingegebenen Daten erfolgt ausschlie\u00dflich auf Grundlage Ihrer freiwilligen Einwilligung (Art. 6 Abs. 1 lit. a DSGVO).\n<\/p>\n<h3>Widerruf Ihrer Einwilligung zur Datenverarbeitung<\/h3>\n<p>Die Erfassung Ihrer Kontaktdaten sind nur mit Ihrer Einwilligung m\u00f6glich. Sie k\u00f6nnen eine bereits erteilte Einwilligung jederzeit widerrufen. Dazu reicht eine formlose Mitteilung per E-Mail an uns. Die Rechtm\u00e4\u00dfigkeit der bis zum Widerruf erfolgten Datenverarbeitung bleibt vom Widerruf unber\u00fchrt.\n<\/p>\n<h3>Beschwerderecht bei der zust\u00e4ndigen Aufsichtsbeh\u00f6rde<\/h3>\n<p>Im Falle datenschutzrechtlicher Verst\u00f6\u00dfe steht dem Betroffenen ein Beschwerderecht bei der zust\u00e4ndigen Aufsichtsbeh\u00f6rde zu. Zust\u00e4ndige Aufsichtsbeh\u00f6rde in datenschutzrechtlichen Fragen ist der Landesdatenschutzbeauftragte in Niedersachsen. Die Anschrift der Datenschutzbeauftragten steht auf http:\/\/www.lfd.niedersachsen.de\n<\/p>\n<h3>SSL- bzw. TLS-Verschl\u00fcsselung<\/h3>\n<p>Diese Seite nutzt aus Sicherheitsgr\u00fcnden und zum Schutz der \u00dcbertragung vertraulicher Inhalte, wie zum Beispiel das Kontakt-\/Anmeldeformular, die Sie an uns als Seitenbetreiber senden, eine SSL-bzw. TLS-Verschl\u00fcsselung. Eine verschl\u00fcsselte Verbindung erkennen Sie daran, dass die Adresszeile des Browsers von \u201chttp:\/\/\u201d auf \u201chttps:\/\/\u201d wechselt und an dem Schloss-Symbol in Ihrer Browserzeile.\n<\/p>\n<p>Wenn die SSL- bzw. TLS-Verschl\u00fcsselung aktiviert ist, k\u00f6nnen die Daten, die Sie an uns \u00fcbermitteln, nicht von Dritten mitgelesen werden.\n<\/p>\n<h3>Auskunft, Sperrung, L\u00f6schung<\/h3>\n<p>Sie haben im Rahmen der geltenden gesetzlichen Bestimmungen jederzeit das Recht auf unentgeltliche Auskunft \u00fcber Ihre gespeicherten personenbezogenen Daten, deren Empf\u00e4nger und den Zweck der Datenverarbeitung und ggf. ein Recht auf Berichtigung, Sperrung oder L\u00f6schung dieser Daten. Hierzu sowie zu weiteren Fragen zum Thema personenbezogene Daten k\u00f6nnen Sie sich jederzeit unter der im Impressum angegebenen Adresse an uns wenden.\n<\/p>\n<h2>4. Erfassung zus\u00e4tzlicher (technischer) Daten<\/h2>\n<h3>Cookies<\/h3>\n<p>Die Internetseiten verwenden teilweise so genannte Cookies. Cookies richten auf Ihrem Rechner keinen Schaden an und enthalten keine Viren. Cookies dienen dazu, unser Angebot nutzerfreundlicher, effektiver und sicherer zu machen. Cookies sind kleine Textdateien, die auf Ihrem Rechner abgelegt werden und die Ihr Browser speichert.\n<\/p>\n<p>Die meisten der von uns verwendeten Cookies sind so genannte \u201cSession-Cookies\u201d. Sie werden nach Ende Ihres Besuchs automatisch gel\u00f6scht. Andere Cookies bleiben auf Ihrem Endger\u00e4t gespeichert bis Sie diese l\u00f6schen. Diese Cookies erm\u00f6glichen es uns, Ihren Browser beim n\u00e4chsten Besuch wiederzuerkennen.\n<\/p>\n<p>Sie k\u00f6nnen Ihren Browser so einstellen, dass Sie \u00fcber das Setzen von Cookies informiert werden und Cookies nur im Einzelfall erlauben, die Annahme von Cookies f\u00fcr bestimmte F\u00e4lle oder generell ausschlie\u00dfen sowie das automatische L\u00f6schen der Cookies beim Schlie\u00dfen des Browser aktivieren. Bei der Deaktivierung von Cookies kann die Funktionalit\u00e4t dieser Website eingeschr\u00e4nkt sein.\n<\/p>\n<p>Cookies, die zur Durchf\u00fchrung des elektronischen Kommunikationsvorgangs erforderlich sind, werden auf Grundlage von Art. 6 Abs. 1 lit. f DSGVO gespeichert. Der Websitebetreiber hat ein berechtigtes Interesse an der Speicherung von Cookies zur technisch fehlerfreien und optimierten Bereitstellung seiner Dienste. Soweit andere Cookies gespeichert werden, werden diese in dieser Datenschutzerkl\u00e4rung gesondert behandelt.\n<\/p>\n<h3>Server-Log-Dateien<\/h3>\n<p>Der Provider der Seiten erhebt und speichert automatisch Informationen in so genannten Server-Log-Dateien, die Ihr Browser automatisch \u00fcbermittelt. Dies sind:\n<\/p>\n<ul>\n<li>Browsertyp und Browserversion\n  <\/li>\n<li>verwendetes Betriebssystem\n  <\/li>\n<li>Referrer URL\n  <\/li>\n<li>Hostname des zugreifenden Rechners\n  <\/li>\n<li>Uhrzeit der Serveranfrage\n  <\/li>\n<li>IP-Adresse\n  <\/li>\n<li>Adresse der abgerufenen Seite\n  <\/li>\n<\/ul>\n<p>Eine Zusammenf\u00fchrung dieser Daten mit anderen Datenquellen wird nicht vorgenommen.\n<\/p>\n<p>Grundlage f\u00fcr die Datenverarbeitung ist Art. 6 Abs. 1 lit. b DSGVO.\n<\/p>\n<\/div>\n","protected":false},"excerpt":{"rendered":"<p>Datenschutzerkl\u00e4rung 1. \u00dcbersicht Allgemeine Hinweise Die Datenschutzerkl\u00e4rung gibt Auskunft, welche personenbezogenen und sonstigen Daten beim Besuch dieser Website erfasst und in welcher Form gespeichert werden. Personenbezogene Daten sind in diesem Zusammenhang alle Daten, mit denen Sie pers\u00f6nlich identifiziert werden k\u00f6nnen. Ausf\u00fchrliche Hinweise folgen nach der \u00dcbersicht ab Punkt 2. Datenerfassung auf unserer Website Wer ist &hellip; <\/p>\n<p><a class=\"more-link btn\" href=\"https:\/\/www.reparaturcafe-bs.de\/?page_id=194\">Weiterlesen<\/a><\/p>\n","protected":false},"author":3,"featured_media":0,"parent":0,"menu_order":0,"comment_status":"closed","ping_status":"closed","template":"template-onecolumn.php","meta":{"footnotes":""},"class_list":["post-194","page","type-page","status-publish","hentry","nodate","item-wrap"],"_links":{"self":[{"href":"https:\/\/www.reparaturcafe-bs.de\/index.php?rest_route=\/wp\/v2\/pages\/194","targetHints":{"allow":["GET"]}}],"collection":[{"href":"https:\/\/www.reparaturcafe-bs.de\/index.php?rest_route=\/wp\/v2\/pages"}],"about":[{"href":"https:\/\/www.reparaturcafe-bs.de\/index.php?rest_route=\/wp\/v2\/types\/page"}],"author":[{"embeddable":true,"href":"https:\/\/www.reparaturcafe-bs.de\/index.php?rest_route=\/wp\/v2\/users\/3"}],"replies":[{"embeddable":true,"href":"https:\/\/www.reparaturcafe-bs.de\/index.php?rest_route=%2Fwp%2Fv2%2Fcomments&post=194"}],"version-history":[{"count":13,"href":"https:\/\/www.reparaturcafe-bs.de\/index.php?rest_route=\/wp\/v2\/pages\/194\/revisions"}],"predecessor-version":[{"id":223,"href":"https:\/\/www.reparaturcafe-bs.de\/index.php?rest_route=\/wp\/v2\/pages\/194\/revisions\/223"}],"wp:attachment":[{"href":"https:\/\/www.reparaturcafe-bs.de\/index.php?rest_route=%2Fwp%2Fv2%2Fmedia&parent=194"}],"curies":[{"name":"wp","href":"https:\/\/api.w.org\/{rel}","templated":true}]}}