{"id":44,"date":"2017-11-19T11:51:56","date_gmt":"2017-11-19T10:51:56","guid":{"rendered":"https:\/\/www.reparaturcafe-bs.de\/?page_id=44"},"modified":"2020-07-08T10:16:18","modified_gmt":"2020-07-08T08:16:18","slug":"detlef-3","status":"publish","type":"page","link":"https:\/\/www.reparaturcafe-bs.de\/?page_id=44","title":{"rendered":"Impressum"},"content":{"rendered":"<h1>Impressum<\/h1>\n<h2>Angaben gem\u00e4\u00df \u00a7 5 TMG:<\/h2>\n<p>Landeskirchliche Gemeinschaft Bezirk Braunschweig e.V.<br \/>\nKarlstr. 95<br \/>\n38106 Braunschweig<\/p>\n<h2>Vertreten durch:<\/h2>\n<p>Vertretungsberechtigter Vorstand<br \/>\nVorsitzender: Dr.-Ing. Klausdieter Pahlke<br \/>\nStellv. Vorsitzender: J\u00f6rg Martin<br \/>\nRegistergericht: Amtsgericht Braunschweig<br \/>\nRegisternummer: VR 2316<\/p>\n<h2>Kontakt:<\/h2>\n<p>Telefon: +49 531 332095<br \/>\n<script language=\"javascript\" type=\"text\/javascript\"><br \/>\n<!--\nx = '&#64;';\neml = '&#112;&#114;&#101;&#100;&#105;&#103;&#101;&#114;&#49;' + x + '&#108;&#107;&#103;&#98;&#115;&#46;&#100;&#101;';\nout = 'E-Mail: ' + eml;\ndocument.write(out);\n\/\/ --><br \/>\n<\/script><br \/>\n<noscript><br \/>\n<span>F\u00fcr die Anzeige der E-Mail-Adresse wird JavaScript ben\u00f6tigt.<\/span><br \/>\n<\/noscript><\/p>\n<h2>Verantwortlich f\u00fcr den Inhalt nach \u00a7 55 Abs. 2 RStV:<\/h2>\n<p>Freiwilligenagentur Jugend-Soziales-Sport e.V., Vertreten durch Oliver Ding, Sonnenstra\u00dfe 13, 38100 Braunschweig<br \/>\nTelefon +49 531 4811020<\/p>\n<div><\/div>\n<div>\n<h3>Widerspruch gegen Werbe-Mails<\/h3>\n<p>Der Nutzung von im Rahmen der Impressumspflicht ver\u00f6ffentlichten Kontaktdaten zur \u00dcbersendung von nicht ausdr\u00fccklich angeforderter Werbung und Informationsmaterialien wird hiermit widersprochen. Die Betreiber der Seiten behalten sich ausdr\u00fccklich rechtliche Schritte im Falle der unverlangten Zusendung von Werbeinformationen, etwa durch Spam-E-Mails, vor.<\/p>\n<\/div>\n<div><\/div>\n<div>\n<h3>Haftungsausschluss<\/h3>\n<p><strong>Haftung f\u00fcr Inhalte<\/strong><\/p>\n<p>Obwohl wir uns um Aktualit\u00e4t, Vollst\u00e4ndigkeit und Richtigkeit der Inhalte unserer Seiten bem\u00fchen, k\u00f6nnen wir hierf\u00fcr keine Garantie \u00fcbernehmen.<\/p>\n<p>Nach \u00a7 7 Absatz 1 TDG sind wir als Diensteanbieter f\u00fcr eigene Inhalte auf unseren Seiten nach den allgemeinen Gesetzen verantwortlich.<\/p>\n<p>Eine Verpflichtung zur \u00dcberwachung \u00fcbermittelter oder gespeicherter fremder Informationen besteht jedoch nicht (\u00a7\u00a7 8-10 TDG). Sobald uns Rechtsverst\u00f6\u00dfe bekannt werden, werden wir die entsprechenden Inhalte umgehend entfernen. Eine dahingehende Haftung wird jedoch erst ab dem Zeitpunkt der Kenntnis konkreter Rechtsverletzungen \u00fcbernommen.<\/p>\n<p><strong>Haftung f\u00fcr Links<\/strong><\/p>\n<p>Unsere Seiten enthalten Links auf externe Webseiten Dritter. Auf die Inhalte dieser verlinkten Webseiten haben wir keinen Einfluss. F\u00fcr die Richtigkeit der Inhalte ist immer der jeweilige Anbieter oder Betreiber verantwortlich, weshalb wir diesbez\u00fcglich keinerlei Gew\u00e4hr \u00fcbernehmen.<\/p>\n<p>Die fremden Webseiten haben wir zum Zeitpunkt der Verlinkung auf m\u00f6gliche Rechtsverst\u00f6\u00dfe \u00fcberpr\u00fcft. Zum Zeitpunkt der Verlinkung waren keinerlei Rechtsverletzungen erkennbar. Eine st\u00e4ndige \u00dcberpr\u00fcfung s\u00e4mtlicher Inhalte der von uns verlinkten Seiten ohne tats\u00e4chliche Anhaltspunkte f\u00fcr einen Rechtsversto\u00df k\u00f6nnen wir nicht leisten. Falls uns Rechtsverletzungen bekannt werden, werden wir die entsprechenden Links sofort entfernen.<\/p>\n<p><strong>Urheberrecht<\/strong><\/p>\n<p>Die durch den Betreiber dieser Seite erstellten Inhalte und Werke auf diesen Webseiten unterliegen dem deutschen Urheberrecht. Verwendetes Bildmaterial stammt in der Regel aus dem Bestand des Webseitenbetreibers oder sind besonders mit einem Copyrighthinweis auf die Quelle gekennzeichnet. Sollten Sie trotzdem auf eine Urheberrechtsverletzung aufmerksam werden, bitten wir um einen entsprechenden Hinweis. Bei Bekanntwerden von Rechtsverletzungen werden wir derartige Inhalte umgehend entfernen.<\/p>\n<p>Beitr\u00e4ge Dritter sind als solche gekennzeichnet. Die Vervielf\u00e4ltigung, Bearbeitung, Verbreitung und jede Art der Verwertung au\u00dferhalb der Grenzen des Urheberrechts bed\u00fcrfen der schriftlichen Zustimmung des jeweiligen Autors bzw. Erstellers.<\/p>\n<p>Kopien von diesen Seiten sind nur f\u00fcr den privaten Bereich gestattet, nicht jedoch f\u00fcr kommerzielle Zwecke.<\/p>\n<p><strong>Rechtswirksamkeit dieses Haftungsausschlusses<\/strong><\/p>\n<p>Sollten einzelne Regelungen oder Formulierungen dieses Haftungsausschlusses unwirksam sein oder werden, bleiben die \u00fcbrigen Regelungen in ihrem Inhalt und ihrer G\u00fcltigkeit hiervon unber\u00fchrt.<\/p>\n<p>Quelle: <a href=\"http:\/\/www.anwalt.de\" rel=\"nofollow\">Impressum-Generator von anwalt.de<\/a><\/p>\n<\/div>\n","protected":false},"excerpt":{"rendered":"<p>Impressum Angaben gem\u00e4\u00df \u00a7 5 TMG: Landeskirchliche Gemeinschaft Bezirk Braunschweig e.V. Karlstr. 95 38106 Braunschweig Vertreten durch: Vertretungsberechtigter Vorstand Vorsitzender: Dr.-Ing. Klausdieter Pahlke Stellv. Vorsitzender: J\u00f6rg Martin Registergericht: Amtsgericht Braunschweig Registernummer: VR 2316 Kontakt: Telefon: +49 531 332095 F\u00fcr die Anzeige der E-Mail-Adresse wird JavaScript ben\u00f6tigt. Verantwortlich f\u00fcr den Inhalt nach \u00a7 55 Abs. 2 &hellip; <\/p>\n<p><a class=\"more-link btn\" href=\"https:\/\/www.reparaturcafe-bs.de\/?page_id=44\">Weiterlesen<\/a><\/p>\n","protected":false},"author":3,"featured_media":0,"parent":0,"menu_order":0,"comment_status":"closed","ping_status":"closed","template":"template-onecolumn.php","meta":{"footnotes":""},"class_list":["post-44","page","type-page","status-publish","hentry","nodate","item-wrap"],"_links":{"self":[{"href":"https:\/\/www.reparaturcafe-bs.de\/index.php?rest_route=\/wp\/v2\/pages\/44","targetHints":{"allow":["GET"]}}],"collection":[{"href":"https:\/\/www.reparaturcafe-bs.de\/index.php?rest_route=\/wp\/v2\/pages"}],"about":[{"href":"https:\/\/www.reparaturcafe-bs.de\/index.php?rest_route=\/wp\/v2\/types\/page"}],"author":[{"embeddable":true,"href":"https:\/\/www.reparaturcafe-bs.de\/index.php?rest_route=\/wp\/v2\/users\/3"}],"replies":[{"embeddable":true,"href":"https:\/\/www.reparaturcafe-bs.de\/index.php?rest_route=%2Fwp%2Fv2%2Fcomments&post=44"}],"version-history":[{"count":32,"href":"https:\/\/www.reparaturcafe-bs.de\/index.php?rest_route=\/wp\/v2\/pages\/44\/revisions"}],"predecessor-version":[{"id":295,"href":"https:\/\/www.reparaturcafe-bs.de\/index.php?rest_route=\/wp\/v2\/pages\/44\/revisions\/295"}],"wp:attachment":[{"href":"https:\/\/www.reparaturcafe-bs.de\/index.php?rest_route=%2Fwp%2Fv2%2Fmedia&parent=44"}],"curies":[{"name":"wp","href":"https:\/\/api.w.org\/{rel}","templated":true}]}}