{"id":726,"date":"2025-07-21T20:34:57","date_gmt":"2025-07-21T18:34:57","guid":{"rendered":"https:\/\/www.reparaturcafe-bs.de\/?page_id=726"},"modified":"2025-07-21T20:40:31","modified_gmt":"2025-07-21T18:40:31","slug":"kontakt-t","status":"publish","type":"page","link":"https:\/\/www.reparaturcafe-bs.de\/?page_id=726","title":{"rendered":"Kontakt"},"content":{"rendered":"<h1>Kontakt<\/h1>\n<p>Sie wollen sich nicht f\u00fcr eine Reparatur anmelden, sondern mit uns in Kontakt kommen?<\/p>\n<p>Z.B. wenn Sie gerne einmal schnuppern wollen, ob sie als Reparateur mitarbeiten m\u00f6chten?<\/p>\n<p>Hilfe ist uns immer sehr willkommen. Je mehr Reparateure mit ihren &#8222;Spezialit\u00e4ten&#8220;, desto mehr unterschiedliche Gegenst\u00e4nde k\u00f6nnen repariert werden.\u00a0<\/p>\n<p>&nbsp;<\/p>\n\n<div class=\"wpcf7 no-js\" id=\"wpcf7-f723-o1\" lang=\"de-DE\" dir=\"ltr\" data-wpcf7-id=\"723\">\n<div class=\"screen-reader-response\"><p role=\"status\" aria-live=\"polite\" aria-atomic=\"true\"><\/p> <ul><\/ul><\/div>\n<form action=\"\/index.php?rest_route=%2Fwp%2Fv2%2Fpages%2F726#wpcf7-f723-o1\" method=\"post\" class=\"wpcf7-form init\" aria-label=\"Kontaktformular\" novalidate=\"novalidate\" data-status=\"init\">\n<fieldset class=\"hidden-fields-container\"><input type=\"hidden\" name=\"_wpcf7\" value=\"723\" \/><input type=\"hidden\" name=\"_wpcf7_version\" value=\"6.1.5\" \/><input type=\"hidden\" name=\"_wpcf7_locale\" value=\"de_DE\" \/><input type=\"hidden\" name=\"_wpcf7_unit_tag\" value=\"wpcf7-f723-o1\" \/><input type=\"hidden\" name=\"_wpcf7_container_post\" value=\"0\" \/><input type=\"hidden\" name=\"_wpcf7_posted_data_hash\" value=\"\" \/>\n<\/fieldset>\n<p><label> Name* (Pflichtfeld) <\/label><br \/>\n<span class=\"wpcf7-form-control-wrap\" data-name=\"kontakt-name\"><input size=\"40\" maxlength=\"400\" class=\"wpcf7-form-control wpcf7-text wpcf7-validates-as-required\" id=\"kontakt-name\" aria-required=\"true\" aria-invalid=\"false\" placeholder=\"Ihr Name\" value=\"\" type=\"text\" name=\"kontakt-name\" \/><\/span>\n<\/p>\n<p><label>Emailadresse* (Pflichtfeld)<\/label><br \/>\n<span class=\"wpcf7-form-control-wrap\" data-name=\"kontakt-email\"><input size=\"40\" maxlength=\"400\" class=\"wpcf7-form-control wpcf7-email wpcf7-validates-as-required wpcf7-text wpcf7-validates-as-email\" aria-required=\"true\" aria-invalid=\"false\" placeholder=\"Mailadresse\" value=\"\" type=\"email\" name=\"kontakt-email\" \/><\/span>\n<\/p>\n<p><label> Telefon (f\u00fcr eventuelle R\u00fcckfragen) <\/label><br \/>\n<span class=\"wpcf7-form-control-wrap\" data-name=\"kontakt-telefon\"><input size=\"40\" maxlength=\"400\" class=\"wpcf7-form-control wpcf7-text\" aria-invalid=\"false\" placeholder=\"Telefonnummer\" value=\"\" type=\"text\" name=\"kontakt-telefon\" \/><\/span>\n<\/p>\n<p><label> Ihre\/Deine Nachricht* <\/label><br \/>\n<span class=\"wpcf7-form-control-wrap\" data-name=\"kontakt-nachricht\"><textarea cols=\"40\" rows=\"10\" maxlength=\"2000\" class=\"wpcf7-form-control wpcf7-textarea wpcf7-validates-as-required\" aria-required=\"true\" aria-invalid=\"false\" placeholder=\"Ihre Nachricht an uns ...\" name=\"kontakt-nachricht\"><\/textarea><\/span>\n<\/p>\n<p>Um von Programmen generierte Spam-Nachrichten vermeiden zu k\u00f6nnen,<br \/>\nbeantworten Sie als Mensch uns eine kurze Frage.\n<\/p>\n<p><span class=\"wpcf7-form-control-wrap\" data-name=\"kontakt-quiz\"><label><span class=\"wpcf7-quiz-label\">Welcher Buchstabe kommt im Alphabet direkt vor Q?<\/span> <input size=\"40\" class=\"wpcf7-form-control wpcf7-quiz\" autocomplete=\"off\" aria-required=\"true\" aria-invalid=\"false\" type=\"text\" name=\"kontakt-quiz\" \/><\/label><input type=\"hidden\" name=\"_wpcf7_quiz_answer_kontakt-quiz\" value=\"b4a57851b3813aa65a1d4b8ca79d9aca\" \/><\/span>\n<\/p>\n<p>Ein kurzer Hinweis: nachdem Sie das ausgef\u00fcllte Formular abgesandt haben, steht in einem kleinen gr\u00fcnen Kasten \"... wurde versandt.\" Leider wird das Formular erneut mit geleerten Feldern angezeigt. Bitte nur einmal absenden, Sie bekommen eine R\u00fcckmeldung innerhalb weniger Tage.\n<\/p>\n<p><input class=\"wpcf7-form-control wpcf7-submit has-spinner\" type=\"submit\" value=\"Senden\" \/>\n<\/p><div class=\"wpcf7-response-output\" aria-hidden=\"true\"><\/div>\n<\/form>\n<\/div>\n\n\n\n<p><\/p>\n","protected":false},"excerpt":{"rendered":"<p>Kontakt Sie wollen sich nicht f\u00fcr eine Reparatur anmelden, sondern mit uns in Kontakt kommen? Z.B. wenn Sie gerne einmal schnuppern wollen, ob sie als Reparateur mitarbeiten m\u00f6chten? Hilfe ist uns immer sehr willkommen. Je mehr Reparateure mit ihren &#8222;Spezialit\u00e4ten&#8220;, desto mehr unterschiedliche Gegenst\u00e4nde k\u00f6nnen repariert werden.\u00a0 &nbsp;<\/p>\n","protected":false},"author":3,"featured_media":0,"parent":0,"menu_order":0,"comment_status":"closed","ping_status":"closed","template":"","meta":{"footnotes":""},"class_list":["post-726","page","type-page","status-publish","hentry","nodate","item-wrap"],"_links":{"self":[{"href":"https:\/\/www.reparaturcafe-bs.de\/index.php?rest_route=\/wp\/v2\/pages\/726","targetHints":{"allow":["GET"]}}],"collection":[{"href":"https:\/\/www.reparaturcafe-bs.de\/index.php?rest_route=\/wp\/v2\/pages"}],"about":[{"href":"https:\/\/www.reparaturcafe-bs.de\/index.php?rest_route=\/wp\/v2\/types\/page"}],"author":[{"embeddable":true,"href":"https:\/\/www.reparaturcafe-bs.de\/index.php?rest_route=\/wp\/v2\/users\/3"}],"replies":[{"embeddable":true,"href":"https:\/\/www.reparaturcafe-bs.de\/index.php?rest_route=%2Fwp%2Fv2%2Fcomments&post=726"}],"version-history":[{"count":8,"href":"https:\/\/www.reparaturcafe-bs.de\/index.php?rest_route=\/wp\/v2\/pages\/726\/revisions"}],"predecessor-version":[{"id":734,"href":"https:\/\/www.reparaturcafe-bs.de\/index.php?rest_route=\/wp\/v2\/pages\/726\/revisions\/734"}],"wp:attachment":[{"href":"https:\/\/www.reparaturcafe-bs.de\/index.php?rest_route=%2Fwp%2Fv2%2Fmedia&parent=726"}],"curies":[{"name":"wp","href":"https:\/\/api.w.org\/{rel}","templated":true}]}}